{"id":6641,"date":"2025-02-24T09:35:39","date_gmt":"2025-02-24T09:35:39","guid":{"rendered":"https:\/\/www.camping-arpheuilles.com\/cookies-verwalten\/"},"modified":"2025-03-19T13:05:34","modified_gmt":"2025-03-19T13:05:34","slug":"cookies-verwalten","status":"publish","type":"page","link":"https:\/\/www.camping-arpheuilles.com\/de\/cookies-verwalten\/","title":{"rendered":"Cookies verwalten"},"content":{"rendered":"\t\t<div data-elementor-type=\"wp-page\" data-elementor-id=\"6641\" class=\"elementor elementor-6641 elementor-3717\" data-elementor-post-type=\"page\">\n\t\t\t\t<div class=\"elementor-element elementor-element-93e6f63 e-flex e-con-boxed wpr-particle-no wpr-jarallax-no wpr-parallax-no wpr-sticky-section-no e-con e-parent\" data-id=\"93e6f63\" data-element_type=\"container\" data-e-type=\"container\">\n\t\t\t\t\t<div class=\"e-con-inner\">\n\t\t\t\t<div class=\"elementor-element elementor-element-795d9f7c elementor-widget elementor-widget-text-editor\" data-id=\"795d9f7c\" data-element_type=\"widget\" data-e-type=\"widget\" data-widget_type=\"text-editor.default\">\n\t\t\t\t\t\t\t\t\t\n<h1 class=\"wp-block-heading\">COOKIES &#8222;MEHR&#8220;.<\/h1>\n\n<h3 class=\"wp-block-heading\">Definition eines Cookies<\/h3>\n\n<p>Cookies sind kleine Textdateien, die von Websites auf Ihrem Endger\u00e4t platziert werden, wenn Sie im Internet surfen. Wie viele andere Websites verwenden auch wir Cookies, um die Nutzung und Leistung der Website zu erfassen und zu verbessern. Unter einem Endger\u00e4t versteht man: Computer, Handy oder Tablet.  <\/p>\n\n<h3 class=\"wp-block-heading\">Verschiedene Arten von Cookies<\/h3>\n\n<h4 class=\"wp-block-heading\"><br>Site-spezifisches Cookie<\/h4>\n\n<p>Hierbei handelt es sich um Cookies, die f\u00fcr das reibungslose Funktionieren unserer Website erforderlich sind. Sie erm\u00f6glichen es Ihnen, die wichtigsten Funktionen unserer Website zu nutzen. Ohne diese Cookies k\u00f6nnen Sie unsere Website nicht normal nutzen.  <\/p>\n\n<h4 class=\"wp-block-heading\">Tracking Cookie<\/h4>\n\n<p>Dies sind Cookies, die es uns erm\u00f6glichen, die Nutzung und Leistung unserer Website zu erfassen und ihre Funktionsweise zu verbessern.<\/p>\n\n<h4 class=\"wp-block-heading\">Cookie von Dritten<\/h4>\n\n<p>Die am h\u00e4ufigsten verwendeten Cookies von Drittanbietern werden in der Regel von Publikumsanalysediensten und verschiedenen Marketinginstrumenten verwendet. Auf unserer Website werden keine Cookies von Drittanbietern f\u00fcr Werbezwecke verwendet. Wenn Sie weiter surfen, erlauben Sie uns, Cookies f\u00fcr die Messung der Besucherzahlen zu setzen.  <\/p>\n\n<h3 class=\"wp-block-heading\">Cookies akzeptieren oder ablehnen<\/h3>\n\n<p>Sie k\u00f6nnen jederzeit entscheiden, diese Cookies zu deaktivieren. Ihr Browser kann auch so eingestellt werden, dass er Sie \u00fcber Cookies informiert, die in Ihrem Terminal abgelegt werden, und Sie auffordert, diese zu akzeptieren oder abzulehnen. Sie k\u00f6nnen Cookies von Fall zu Fall annehmen oder ablehnen oder sie ein f\u00fcr alle Mal systematisch ablehnen.<br>Wir weisen Sie darauf hin, dass die Einstellung Ihre Zugangsbedingungen zu unseren Diensten, die die Verwendung von Cookies erfordern, \u00e4ndern kann.<br>Wenn Ihr Browser so konfiguriert ist, dass er alle Cookies ablehnt, k\u00f6nnen Sie wesentliche Funktionen unserer Website nicht nutzen. Um die Cookies so zu w\u00e4hlen, dass sie Ihren Erwartungen entsprechen, bitten wir Sie, Ihren Browser zu konfigurieren.   <\/p>\n\n<h3 class=\"wp-block-heading\">Einstellungen Ihres Browsers<\/h3>\n\n<p>Die Konfiguration jedes Browsers ist unterschiedlich. Sie wird im Hilfemen\u00fc Ihres Browsers beschrieben, wo Sie auch erfahren, wie Sie Ihre W\u00fcnsche bez\u00fcglich der Cookies \u00e4ndern k\u00f6nnen. <\/p>\n\n<p>Sie k\u00f6nnen Cookies deaktivieren, indem Sie den Anweisungen wie folgt folgen:<\/p>\n\n<p>Wenn Sie den Microsoft Edge Browser verwenden<br>Klicken Sie in Microsoft Egde auf die Schaltfl\u00e4che Extras und dann auf Internetoptionen.<br>Klicken Sie auf der Registerkarte Allgemein unter Browserverlauf auf Einstellungen.<br>Klicken Sie auf die Schaltfl\u00e4che &#8222;Dateien anzeigen&#8220;.<br>Klicken Sie auf die Spalten\u00fcberschrift Name, um alle Dateien in alphabetischer Reihenfolge zu sortieren, und bl\u00e4ttern Sie dann durch die Liste, bis Sie Dateien mit dem Pr\u00e4fix &#8222;Cookie&#8220; sehen k\u00f6nnen. Alle Cookies mit diesem Pr\u00e4fix enthalten normalerweise den Namen der Website, die das Cookie erstellt hat.<br>W\u00e4hlen Sie das\/die Cookie(s) mit unserem Domainnamen und l\u00f6schen Sie es\/sie.<br>Schlie\u00dfen Sie das Fenster mit der Liste der Dateien und klicken Sie zweimal auf OK, um zu Microsoft Edge zur\u00fcckzukehren. <\/p>\n\n<p>Wenn Sie den Firefox-Browser verwenden<br>Gehen Sie auf die Registerkarte &#8222;Extras&#8220; des Browsers und w\u00e4hlen Sie das Men\u00fc &#8222;Optionen&#8220;<br>W\u00e4hlen Sie im angezeigten Fenster &#8222;Datenschutz&#8220; und klicken Sie auf &#8222;Cookies anzeigen&#8220;<br>W\u00e4hlen Sie den oder die Cookies mit unserem Domainnamen aus und l\u00f6schen Sie sie.<\/p>\n\n<p>Wenn Sie den Safari-Browser verwenden<br>W\u00e4hlen Sie in Ihrem Browser das Men\u00fc Bearbeiten &gt; Einstellungen.<br>Klicken Sie auf Sicherheit.<br>Klicken Sie auf Cookies anzeigen.<br>W\u00e4hlen Sie den\/die Cookie(s) mit unserem Domainnamen und klicken Sie auf L\u00f6schen oder Alle l\u00f6schen. Wenn Sie die Cookies gel\u00f6scht haben, klicken Sie auf Fertig. <\/p>\n\n<p>Wenn Sie den Browser Google Chrome verwenden<br>Klicken Sie auf das Men\u00fcsymbol &#8222;Extras&#8220;.<br>W\u00e4hlen Sie &#8222;Optionen&#8220;.<br>Klicken Sie auf die Registerkarte &#8222;Erweiterte Optionen&#8220; und gehen Sie zum Abschnitt &#8222;Datenschutz&#8220;.<br>Klicken Sie auf die Schaltfl\u00e4che &#8222;Cookies anzeigen&#8220;.<br>W\u00e4hlen Sie den oder die Cookies mit unserem Domainnamen aus und l\u00f6schen Sie sie.<br>Klicken Sie auf &#8222;Schlie\u00dfen&#8220;, um zu Ihrem Browser zur\u00fcckzukehren.<\/p>\n\n<h3 class=\"wp-block-heading\">Schaltfl\u00e4chen f\u00fcr die Weitergabe an soziale Netzwerke<\/h3>\n\n<p>Unsere Website kann Computeranwendungen von Dritten verwenden, die es Ihnen erm\u00f6glichen, Inhalte der Website mit anderen Personen zu teilen oder anderen Personen mitzuteilen, dass Sie einen Inhalt auf unserer Website gesehen oder dazu Stellung genommen haben.<br>Beispiel: Die &#8222;Teilen&#8220;-Schaltfl\u00e4chen von sozialen Netzwerken wie &#8222;Facebook&#8220;, &#8222;Twitter&#8220; usw.<br>Weitere Informationen \u00fcber Cookies auf der Website der CNIL: https: <a href=\"https:\/\/www.cnil.fr\/fr\/cookies-et-autres-traceurs\/comment-se-proteger\/maitriser-votre-navigateur\">\/\/www.cnil.fr\/fr\/cookies-et-autres-traceurs\/comment-se-proteger\/maitriser-votre-navigateur<\/a><\/p>\n\t\t\t\t\t\t\t\t<\/div>\n\t\t\t\t\t<\/div>\n\t\t\t\t<\/div>\n\t\t\t\t<\/div>\n\t\t","protected":false},"excerpt":{"rendered":"<p>COOKIES &#8222;MEHR&#8220;. Definition eines Cookies Cookies sind kleine Textdateien, die von Websites auf Ihrem Endger\u00e4t platziert werden, wenn Sie im Internet surfen. Wie viele andere Websites verwenden auch wir Cookies, um die Nutzung und Leistung der Website zu erfassen und zu verbessern. Unter einem Endger\u00e4t versteht man: Computer, Handy oder Tablet. Verschiedene Arten von Cookies Site-spezifisches Cookie Hierbei handelt es sich um Cookies, die f\u00fcr das reibungslose Funktionieren unserer Website erforderlich sind. Sie erm\u00f6glichen es Ihnen, die wichtigsten Funktionen unserer Website zu nutzen. Ohne diese Cookies k\u00f6nnen Sie unsere Website nicht normal nutzen. Tracking Cookie Dies sind Cookies, die es uns erm\u00f6glichen, die Nutzung und Leistung unserer Website zu erfassen und ihre Funktionsweise zu verbessern. Cookie von Dritten Die am h\u00e4ufigsten verwendeten Cookies von Drittanbietern werden in der Regel von Publikumsanalysediensten und verschiedenen Marketinginstrumenten verwendet. Auf unserer Website werden keine Cookies von Drittanbietern f\u00fcr Werbezwecke verwendet. Wenn Sie weiter surfen, erlauben Sie uns, Cookies f\u00fcr die Messung der Besucherzahlen zu setzen. Cookies akzeptieren oder ablehnen Sie k\u00f6nnen jederzeit entscheiden, diese Cookies zu deaktivieren. Ihr Browser kann auch so eingestellt werden, dass er Sie \u00fcber Cookies informiert, die in Ihrem Terminal abgelegt werden, und Sie auffordert, diese zu akzeptieren oder abzulehnen. Sie k\u00f6nnen Cookies von Fall zu Fall annehmen oder ablehnen oder sie ein f\u00fcr alle Mal systematisch ablehnen.Wir weisen Sie darauf hin, dass die Einstellung Ihre Zugangsbedingungen zu unseren Diensten, die die Verwendung von Cookies erfordern, \u00e4ndern kann.Wenn Ihr Browser so konfiguriert ist, dass er alle Cookies ablehnt, k\u00f6nnen Sie wesentliche Funktionen unserer Website nicht nutzen. Um die Cookies so zu w\u00e4hlen, dass sie Ihren Erwartungen entsprechen, bitten wir Sie, Ihren Browser zu konfigurieren. Einstellungen Ihres Browsers Die Konfiguration jedes Browsers ist unterschiedlich. Sie wird im Hilfemen\u00fc Ihres Browsers beschrieben, wo Sie auch erfahren, wie Sie Ihre W\u00fcnsche bez\u00fcglich der Cookies \u00e4ndern k\u00f6nnen. Sie k\u00f6nnen Cookies deaktivieren, indem Sie den Anweisungen wie folgt folgen: Wenn Sie den Microsoft Edge Browser verwendenKlicken Sie in Microsoft Egde auf die Schaltfl\u00e4che Extras und dann auf Internetoptionen.Klicken Sie auf der Registerkarte Allgemein unter Browserverlauf auf Einstellungen.Klicken Sie auf die Schaltfl\u00e4che &#8222;Dateien anzeigen&#8220;.Klicken Sie auf die Spalten\u00fcberschrift Name, um alle Dateien in alphabetischer Reihenfolge zu sortieren, und bl\u00e4ttern Sie dann durch die Liste, bis Sie Dateien mit dem Pr\u00e4fix &#8222;Cookie&#8220; sehen k\u00f6nnen. Alle Cookies mit diesem Pr\u00e4fix enthalten normalerweise den Namen der Website, die das Cookie erstellt hat.W\u00e4hlen Sie das\/die Cookie(s) mit unserem Domainnamen und l\u00f6schen Sie es\/sie.Schlie\u00dfen Sie das Fenster mit der Liste der Dateien und klicken Sie zweimal auf OK, um zu Microsoft Edge zur\u00fcckzukehren. Wenn Sie den Firefox-Browser verwendenGehen Sie auf die Registerkarte &#8222;Extras&#8220; des Browsers und w\u00e4hlen Sie das Men\u00fc &#8222;Optionen&#8220;W\u00e4hlen Sie im angezeigten Fenster &#8222;Datenschutz&#8220; und klicken Sie auf &#8222;Cookies anzeigen&#8220;W\u00e4hlen Sie den oder die Cookies mit unserem Domainnamen aus und l\u00f6schen Sie sie. Wenn Sie den Safari-Browser verwendenW\u00e4hlen Sie in Ihrem Browser das Men\u00fc Bearbeiten &gt; Einstellungen.Klicken Sie auf Sicherheit.Klicken Sie auf Cookies anzeigen.W\u00e4hlen Sie den\/die Cookie(s) mit unserem Domainnamen und klicken Sie auf L\u00f6schen oder Alle l\u00f6schen. Wenn Sie die Cookies gel\u00f6scht haben, klicken Sie auf Fertig. Wenn Sie den Browser Google Chrome verwendenKlicken Sie auf das Men\u00fcsymbol &#8222;Extras&#8220;.W\u00e4hlen Sie &#8222;Optionen&#8220;.Klicken Sie auf die Registerkarte &#8222;Erweiterte Optionen&#8220; und gehen Sie zum Abschnitt &#8222;Datenschutz&#8220;.Klicken Sie auf die Schaltfl\u00e4che &#8222;Cookies anzeigen&#8220;.W\u00e4hlen Sie den oder die Cookies mit unserem Domainnamen aus und l\u00f6schen Sie sie.Klicken Sie auf &#8222;Schlie\u00dfen&#8220;, um zu Ihrem Browser zur\u00fcckzukehren. Schaltfl\u00e4chen f\u00fcr die Weitergabe an soziale Netzwerke Unsere Website kann Computeranwendungen von Dritten verwenden, die es Ihnen erm\u00f6glichen, Inhalte der Website mit anderen Personen zu teilen oder anderen Personen mitzuteilen, dass Sie einen Inhalt auf unserer Website gesehen oder dazu Stellung genommen haben.Beispiel: Die &#8222;Teilen&#8220;-Schaltfl\u00e4chen von sozialen Netzwerken wie &#8222;Facebook&#8220;, &#8222;Twitter&#8220; usw.Weitere Informationen \u00fcber Cookies auf der Website der CNIL: https: \/\/www.cnil.fr\/fr\/cookies-et-autres-traceurs\/comment-se-proteger\/maitriser-votre-navigateur<\/p>\n","protected":false},"author":1,"featured_media":0,"parent":0,"menu_order":0,"comment_status":"closed","ping_status":"closed","template":"elementor_canvas","meta":{"footnotes":""},"class_list":["post-6641","page","type-page","status-publish","hentry"],"yoast_head":"<!-- This site is optimized with the Yoast SEO plugin v26.9 - https:\/\/yoast.com\/product\/yoast-seo-wordpress\/ -->\n<title>&quot;Cookies Weitere Informationen&quot; | Camping d&#039;Arpheuilles<\/title>\n<meta name=\"description\" content=\"Seite &quot;Cookies und mehr&quot; von Camping d&#039;Arpheuilles, einem 3-Sterne-Campingplatz im Departement Loire.\" \/>\n<meta name=\"robots\" content=\"index, follow, max-snippet:-1, max-image-preview:large, max-video-preview:-1\" \/>\n<link rel=\"canonical\" href=\"https:\/\/www.camping-arpheuilles.com\/de\/cookies-verwalten\/\" \/>\n<meta property=\"og:locale\" content=\"de_DE\" \/>\n<meta property=\"og:type\" content=\"article\" \/>\n<meta property=\"og:title\" content=\"&quot;Cookies Weitere Informationen&quot; | Camping d&#039;Arpheuilles\" \/>\n<meta property=\"og:description\" content=\"Seite &quot;Cookies und mehr&quot; von Camping d&#039;Arpheuilles, einem 3-Sterne-Campingplatz im Departement Loire.\" \/>\n<meta property=\"og:url\" content=\"https:\/\/www.camping-arpheuilles.com\/de\/cookies-verwalten\/\" \/>\n<meta property=\"og:site_name\" content=\"camping-arpheuilles.com\" \/>\n<meta property=\"article:publisher\" content=\"https:\/\/www.facebook.com\/campingarpheuilles\" \/>\n<meta property=\"article:modified_time\" content=\"2025-03-19T13:05:34+00:00\" \/>\n<meta name=\"twitter:card\" content=\"summary_large_image\" \/>\n<meta name=\"twitter:label1\" content=\"Gesch\u00e4tzte Lesezeit\" \/>\n\t<meta name=\"twitter:data1\" content=\"4 Minuten\" \/>\n<script type=\"application\/ld+json\" class=\"yoast-schema-graph\">{\"@context\":\"https:\/\/schema.org\",\"@graph\":[{\"@type\":\"WebPage\",\"@id\":\"https:\/\/www.camping-arpheuilles.com\/de\/cookies-verwalten\/\",\"url\":\"https:\/\/www.camping-arpheuilles.com\/de\/cookies-verwalten\/\",\"name\":\"\\\"Cookies Weitere Informationen\\\" | Camping d'Arpheuilles\",\"isPartOf\":{\"@id\":\"https:\/\/www.camping-arpheuilles.com\/de\/#website\"},\"datePublished\":\"2025-02-24T09:35:39+00:00\",\"dateModified\":\"2025-03-19T13:05:34+00:00\",\"description\":\"Seite \\\"Cookies und mehr\\\" von Camping d'Arpheuilles, einem 3-Sterne-Campingplatz im Departement Loire.\",\"breadcrumb\":{\"@id\":\"https:\/\/www.camping-arpheuilles.com\/de\/cookies-verwalten\/#breadcrumb\"},\"inLanguage\":\"de\",\"potentialAction\":[{\"@type\":\"ReadAction\",\"target\":[\"https:\/\/www.camping-arpheuilles.com\/de\/cookies-verwalten\/\"]}]},{\"@type\":\"BreadcrumbList\",\"@id\":\"https:\/\/www.camping-arpheuilles.com\/de\/cookies-verwalten\/#breadcrumb\",\"itemListElement\":[{\"@type\":\"ListItem\",\"position\":1,\"name\":\"Accueil\",\"item\":\"https:\/\/www.camping-arpheuilles.com\/de\/\"},{\"@type\":\"ListItem\",\"position\":2,\"name\":\"Cookies verwalten\"}]},{\"@type\":\"WebSite\",\"@id\":\"https:\/\/www.camping-arpheuilles.com\/de\/#website\",\"url\":\"https:\/\/www.camping-arpheuilles.com\/de\/\",\"name\":\"Camping d'Arpheuilles\",\"description\":\"\",\"publisher\":{\"@id\":\"https:\/\/www.camping-arpheuilles.com\/de\/#organization\"},\"potentialAction\":[{\"@type\":\"SearchAction\",\"target\":{\"@type\":\"EntryPoint\",\"urlTemplate\":\"https:\/\/www.camping-arpheuilles.com\/de\/?s={search_term_string}\"},\"query-input\":{\"@type\":\"PropertyValueSpecification\",\"valueRequired\":true,\"valueName\":\"search_term_string\"}}],\"inLanguage\":\"de\"},{\"@type\":\"Organization\",\"@id\":\"https:\/\/www.camping-arpheuilles.com\/de\/#organization\",\"name\":\"Camping d'Arpheuilles\",\"url\":\"https:\/\/www.camping-arpheuilles.com\/de\/\",\"logo\":{\"@type\":\"ImageObject\",\"inLanguage\":\"de\",\"@id\":\"https:\/\/www.camping-arpheuilles.com\/de\/#\/schema\/logo\/image\/\",\"url\":\"https:\/\/www.camping-arpheuilles.com\/wp-content\/uploads\/2025\/02\/logo-camping-arpheuilles-1.png\",\"contentUrl\":\"https:\/\/www.camping-arpheuilles.com\/wp-content\/uploads\/2025\/02\/logo-camping-arpheuilles-1.png\",\"width\":350,\"height\":186,\"caption\":\"Camping d'Arpheuilles\"},\"image\":{\"@id\":\"https:\/\/www.camping-arpheuilles.com\/de\/#\/schema\/logo\/image\/\"},\"sameAs\":[\"https:\/\/www.facebook.com\/campingarpheuilles\",\"https:\/\/www.instagram.com\/camping_arpheuilles\/reels\/?locale=situsslotamerikaterpercayaGB777.BET.oxdf&hl=fr\"]}]}<\/script>\n<!-- \/ Yoast SEO plugin. -->","yoast_head_json":{"title":"\"Cookies Weitere Informationen\" | Camping d'Arpheuilles","description":"Seite \"Cookies und mehr\" von Camping d'Arpheuilles, einem 3-Sterne-Campingplatz im Departement Loire.","robots":{"index":"index","follow":"follow","max-snippet":"max-snippet:-1","max-image-preview":"max-image-preview:large","max-video-preview":"max-video-preview:-1"},"canonical":"https:\/\/www.camping-arpheuilles.com\/de\/cookies-verwalten\/","og_locale":"de_DE","og_type":"article","og_title":"\"Cookies Weitere Informationen\" | Camping d'Arpheuilles","og_description":"Seite \"Cookies und mehr\" von Camping d'Arpheuilles, einem 3-Sterne-Campingplatz im Departement Loire.","og_url":"https:\/\/www.camping-arpheuilles.com\/de\/cookies-verwalten\/","og_site_name":"camping-arpheuilles.com","article_publisher":"https:\/\/www.facebook.com\/campingarpheuilles","article_modified_time":"2025-03-19T13:05:34+00:00","twitter_card":"summary_large_image","twitter_misc":{"Gesch\u00e4tzte Lesezeit":"4 Minuten"},"schema":{"@context":"https:\/\/schema.org","@graph":[{"@type":"WebPage","@id":"https:\/\/www.camping-arpheuilles.com\/de\/cookies-verwalten\/","url":"https:\/\/www.camping-arpheuilles.com\/de\/cookies-verwalten\/","name":"\"Cookies Weitere Informationen\" | Camping d'Arpheuilles","isPartOf":{"@id":"https:\/\/www.camping-arpheuilles.com\/de\/#website"},"datePublished":"2025-02-24T09:35:39+00:00","dateModified":"2025-03-19T13:05:34+00:00","description":"Seite \"Cookies und mehr\" von Camping d'Arpheuilles, einem 3-Sterne-Campingplatz im Departement Loire.","breadcrumb":{"@id":"https:\/\/www.camping-arpheuilles.com\/de\/cookies-verwalten\/#breadcrumb"},"inLanguage":"de","potentialAction":[{"@type":"ReadAction","target":["https:\/\/www.camping-arpheuilles.com\/de\/cookies-verwalten\/"]}]},{"@type":"BreadcrumbList","@id":"https:\/\/www.camping-arpheuilles.com\/de\/cookies-verwalten\/#breadcrumb","itemListElement":[{"@type":"ListItem","position":1,"name":"Accueil","item":"https:\/\/www.camping-arpheuilles.com\/de\/"},{"@type":"ListItem","position":2,"name":"Cookies verwalten"}]},{"@type":"WebSite","@id":"https:\/\/www.camping-arpheuilles.com\/de\/#website","url":"https:\/\/www.camping-arpheuilles.com\/de\/","name":"Camping d'Arpheuilles","description":"","publisher":{"@id":"https:\/\/www.camping-arpheuilles.com\/de\/#organization"},"potentialAction":[{"@type":"SearchAction","target":{"@type":"EntryPoint","urlTemplate":"https:\/\/www.camping-arpheuilles.com\/de\/?s={search_term_string}"},"query-input":{"@type":"PropertyValueSpecification","valueRequired":true,"valueName":"search_term_string"}}],"inLanguage":"de"},{"@type":"Organization","@id":"https:\/\/www.camping-arpheuilles.com\/de\/#organization","name":"Camping d'Arpheuilles","url":"https:\/\/www.camping-arpheuilles.com\/de\/","logo":{"@type":"ImageObject","inLanguage":"de","@id":"https:\/\/www.camping-arpheuilles.com\/de\/#\/schema\/logo\/image\/","url":"https:\/\/www.camping-arpheuilles.com\/wp-content\/uploads\/2025\/02\/logo-camping-arpheuilles-1.png","contentUrl":"https:\/\/www.camping-arpheuilles.com\/wp-content\/uploads\/2025\/02\/logo-camping-arpheuilles-1.png","width":350,"height":186,"caption":"Camping d'Arpheuilles"},"image":{"@id":"https:\/\/www.camping-arpheuilles.com\/de\/#\/schema\/logo\/image\/"},"sameAs":["https:\/\/www.facebook.com\/campingarpheuilles","https:\/\/www.instagram.com\/camping_arpheuilles\/reels\/?locale=situsslotamerikaterpercayaGB777.BET.oxdf&hl=fr"]}]}},"_links":{"self":[{"href":"https:\/\/www.camping-arpheuilles.com\/de\/wp-json\/wp\/v2\/pages\/6641","targetHints":{"allow":["GET"]}}],"collection":[{"href":"https:\/\/www.camping-arpheuilles.com\/de\/wp-json\/wp\/v2\/pages"}],"about":[{"href":"https:\/\/www.camping-arpheuilles.com\/de\/wp-json\/wp\/v2\/types\/page"}],"author":[{"embeddable":true,"href":"https:\/\/www.camping-arpheuilles.com\/de\/wp-json\/wp\/v2\/users\/1"}],"replies":[{"embeddable":true,"href":"https:\/\/www.camping-arpheuilles.com\/de\/wp-json\/wp\/v2\/comments?post=6641"}],"version-history":[{"count":11,"href":"https:\/\/www.camping-arpheuilles.com\/de\/wp-json\/wp\/v2\/pages\/6641\/revisions"}],"predecessor-version":[{"id":6681,"href":"https:\/\/www.camping-arpheuilles.com\/de\/wp-json\/wp\/v2\/pages\/6641\/revisions\/6681"}],"wp:attachment":[{"href":"https:\/\/www.camping-arpheuilles.com\/de\/wp-json\/wp\/v2\/media?parent=6641"}],"curies":[{"name":"wp","href":"https:\/\/api.w.org\/{rel}","templated":true}]}}